{"id":73,"date":"2024-10-25T20:26:09","date_gmt":"2024-10-25T20:26:09","guid":{"rendered":"https:\/\/altacocinaempresarial.com\/?page_id=73"},"modified":"2025-01-23T22:42:05","modified_gmt":"2025-01-23T22:42:05","slug":"platillos","status":"publish","type":"page","link":"https:\/\/altacocinaempresarial.com\/index.php\/platillos\/","title":{"rendered":"PLATILLOS"},"content":{"rendered":"<p>[et_pb_section fb_built=\u00bb1&#8243; specialty=\u00bbon\u00bb _builder_version=\u00bb4.27.2&#8243; _module_preset=\u00bbdefault\u00bb global_colors_info=\u00bb{}\u00bb][et_pb_column type=\u00bb1_2&#8243; _builder_version=\u00bb4.16&#8243; custom_padding=\u00bb|||\u00bb global_colors_info=\u00bb{}\u00bb custom_padding__hover=\u00bb|||\u00bb][et_pb_image src=\u00bbhttps:\/\/altacocinaempresarial.com\/wp-content\/uploads\/2024\/11\/WhatsApp-Image-2024-10-31-at-5.03.36-AM.jpeg\u00bb title_text=\u00bbWhatsApp Image 2024-10-31 at 5.03.36 AM\u00bb force_fullwidth=\u00bbon\u00bb align_tablet=\u00bbcenter\u00bb align_phone=\u00bbcenter\u00bb align_last_edited=\u00bbon|desktop\u00bb _builder_version=\u00bb4.27.2&#8243; use_background_color_gradient=\u00bbon\u00bb background_color_gradient_direction=\u00bb90deg\u00bb background_color_gradient_stops=\u00bb#eae200 0%|#404451 80%|rgba(240,242,246,0) 80%\u00bb background_color_gradient_start=\u00bb#404451&#8243; background_color_gradient_start_position=\u00bb80%\u00bb background_color_gradient_end=\u00bbrgba(240,242,246,0)\u00bb background_color_gradient_end_position=\u00bb20%\u00bb custom_padding=\u00bb||20%|\u00bb custom_padding_tablet=\u00bb||60px|\u00bb custom_padding_phone=\u00bb\u00bb custom_padding_last_edited=\u00bbon|desktop\u00bb animation_style=\u00bbslide\u00bb animation_direction=\u00bbleft\u00bb animation_intensity_slide=\u00bb1%\u00bb box_shadow_style=\u00bbpreset3&#8243; box_shadow_vertical=\u00bb80px\u00bb box_shadow_blur=\u00bb80px\u00bb box_shadow_spread=\u00bb-30px\u00bb global_colors_info=\u00bb{}\u00bb][\/et_pb_image][\/et_pb_column][et_pb_column type=\u00bb1_2&#8243; specialty_columns=\u00bb2&#8243; _builder_version=\u00bb4.16&#8243; custom_padding=\u00bb|||\u00bb global_colors_info=\u00bb{}\u00bb custom_padding__hover=\u00bb|||\u00bb][et_pb_row_inner _builder_version=\u00bb4.27.2&#8243; _module_preset=\u00bbdefault\u00bb global_colors_info=\u00bb{}\u00bb][et_pb_column_inner saved_specialty_column_type=\u00bb1_2&#8243; _builder_version=\u00bb4.27.2&#8243; _module_preset=\u00bbdefault\u00bb global_colors_info=\u00bb{}\u00bb][et_pb_text _builder_version=\u00bb4.27.2&#8243; text_font=\u00bb||||||||\u00bb text_font_size=\u00bb16px\u00bb text_line_height=\u00bb1.9em\u00bb header_font=\u00bb||||||||\u00bb header_2_font=\u00bbPoppins|700|||||||\u00bb header_2_text_align=\u00bbcenter\u00bb header_2_font_size=\u00bb19px\u00bb header_2_line_height=\u00bb1.5em\u00bb header_6_font=\u00bb||||||||\u00bb max_width=\u00bb600px\u00bb max_width_last_edited=\u00bboff|desktop\u00bb custom_margin=\u00bb|||\u00bb custom_padding=\u00bb|||\u00bb hover_enabled=\u00bb0&#8243; header_2_font_size_tablet=\u00bb30px\u00bb header_2_font_size_phone=\u00bb18px\u00bb header_2_font_size_last_edited=\u00bbon|phone\u00bb locked=\u00bboff\u00bb global_colors_info=\u00bb{}\u00bb sticky_enabled=\u00bb0&#8243;]<\/p>\n<h2>NUESTRO MEN\u00da ROMPE ESTEREOTIPOS YA QUE<br \/>TENEMOS PLATILLOS DE ALTA COCINA Y<br \/>PLATILLOS CASEROS CON EXCELENTE SAZ\u00d3N<\/h2>\n<p>[\/et_pb_text][\/et_pb_column_inner][\/et_pb_row_inner][et_pb_row_inner column_structure=\u00bb1_2,1_2&#8243; _builder_version=\u00bb4.27.2&#8243; _module_preset=\u00bbdefault\u00bb global_colors_info=\u00bb{}\u00bb][et_pb_column_inner type=\u00bb1_2&#8243; saved_specialty_column_type=\u00bb1_2&#8243; _builder_version=\u00bb4.27.2&#8243; _module_preset=\u00bbdefault\u00bb global_colors_info=\u00bb{}\u00bb][et_pb_text _builder_version=\u00bb4.27.2&#8243; _module_preset=\u00bbdefault\u00bb text_font=\u00bbPoppins||||||||\u00bb header_3_text_color=\u00bb#eaaf00&#8243; hover_enabled=\u00bb0&#8243; global_colors_info=\u00bb{}\u00bb header_text_align=\u00bbjustify\u00bb sticky_enabled=\u00bb0&#8243;]<\/p>\n<h3><strong>Sopa o crema del d\u00eda<\/strong><\/h3>\n<ul>\n<li>Crema parmetier (poro y papa)<\/li>\n<li>Crema de br\u00f3coli<\/li>\n<li>Crema de tomate rostizado y albahaca<\/li>\n<li>Sopa de fideo con frijol y queso fresco<\/li>\n<li>Caldo tlalpe\u00f1o<\/li>\n<\/ul>\n<p>[\/et_pb_text][\/et_pb_column_inner][et_pb_column_inner type=\u00bb1_2&#8243; saved_specialty_column_type=\u00bb1_2&#8243; _builder_version=\u00bb4.27.2&#8243; _module_preset=\u00bbdefault\u00bb global_colors_info=\u00bb{}\u00bb][et_pb_text _builder_version=\u00bb4.27.2&#8243; _module_preset=\u00bbdefault\u00bb text_font=\u00bbPoppins||||||||\u00bb header_3_font=\u00bbPoppins||||||||\u00bb header_3_text_color=\u00bb#eaaf00&#8243; hover_enabled=\u00bb0&#8243; global_colors_info=\u00bb{}\u00bb text_orientation=\u00bbjustified\u00bb sticky_enabled=\u00bb0&#8243;]<\/p>\n<h3><strong>Plato Fuerte<\/strong><\/h3>\n<ul>\n<li>Carnitas de cerdo<br \/>adobadas<\/li>\n<li>Gorditas de guisos<\/li>\n<li>Pollo al horno<\/li>\n<li>Filete de pescado<br \/>rebosado<\/li>\n<li>Tenders de pollo y<br \/>muchos platillos mas.<\/li>\n<\/ul>\n<p>[\/et_pb_text][\/et_pb_column_inner][\/et_pb_row_inner][\/et_pb_column][\/et_pb_section][et_pb_section fb_built=\u00bb1&#8243; _builder_version=\u00bb4.27.2&#8243; _module_preset=\u00bbdefault\u00bb background_color=\u00bb#e8bd00&#8243; global_colors_info=\u00bb{}\u00bb][et_pb_row _builder_version=\u00bb4.27.2&#8243; _module_preset=\u00bbdefault\u00bb global_colors_info=\u00bb{}\u00bb][et_pb_column type=\u00bb4_4&#8243; _builder_version=\u00bb4.27.2&#8243; _module_preset=\u00bbdefault\u00bb global_colors_info=\u00bb{}\u00bb][et_pb_text _builder_version=\u00bb4.27.2&#8243; _module_preset=\u00bbdefault\u00bb text_font=\u00bbPoppins|700|||||||\u00bb text_text_color=\u00bb#FFFFFF\u00bb text_font_size=\u00bb40px\u00bb text_orientation=\u00bbcenter\u00bb text_font_size_tablet=\u00bb40px\u00bb text_font_size_phone=\u00bb33px\u00bb text_font_size_last_edited=\u00bbon|phone\u00bb text_text_shadow_style=\u00bbpreset1&#8243; global_colors_info=\u00bb{}\u00bb]<\/p>\n<p>Men\u00fa Semanal<\/p>\n<p>[\/et_pb_text][\/et_pb_column][\/et_pb_row][et_pb_row column_structure=\u00bb1_4,1_4,1_4,1_4&#8243; _builder_version=\u00bb4.27.2&#8243; _module_preset=\u00bbdefault\u00bb width=\u00bb90%\u00bb width_tablet=\u00bb90%\u00bb width_phone=\u00bb48%\u00bb width_last_edited=\u00bbon|phone\u00bb max_width=\u00bb1490px\u00bb custom_margin=\u00bb20px|auto||auto||\u00bb animation_style=\u00bbfade\u00bb global_colors_info=\u00bb{}\u00bb][et_pb_column type=\u00bb1_4&#8243; _builder_version=\u00bb4.27.2&#8243; _module_preset=\u00bbdefault\u00bb global_colors_info=\u00bb{}\u00bb][et_pb_text _builder_version=\u00bb4.27.2&#8243; _module_preset=\u00bbdefault\u00bb text_font=\u00bbPoppins|700|||||||\u00bb text_text_color=\u00bb#FFFFFF\u00bb text_font_size=\u00bb33px\u00bb text_text_shadow_style=\u00bbpreset1&#8243; global_colors_info=\u00bb{}\u00bb]<\/p>\n<p>LUNES<\/p>\n<p>[\/et_pb_text][et_pb_text _builder_version=\u00bb4.27.2&#8243; _module_preset=\u00bbdefault\u00bb text_font=\u00bbPoppins||||||||\u00bb text_text_color=\u00bb#FFFFFF\u00bb global_colors_info=\u00bb{}\u00bb]<\/p>\n<p>..Crema de calabaza<br \/>Barra de ensaladas<\/p>\n<p><strong>PLATO FUERTE<\/strong><\/p>\n<ul>\n<li>Ave en salsa de chipotle<\/li>\n<li>Empanadas fritas<\/li>\n<li>Alb\u00f3ndigas al chipotle<\/li>\n<\/ul>\n<p><strong>GUARNICIONES\u00a0<\/strong><\/p>\n<ul>\n<li>Arroz<\/li>\n<li>Vegetales al vapor<\/li>\n<li>Frijoles<\/li>\n<\/ul>\n<p><strong>POSTRE<\/strong><br \/>Gelatina, empanadas.<\/p>\n<p>[\/et_pb_text][\/et_pb_column][et_pb_column type=\u00bb1_4&#8243; _builder_version=\u00bb4.27.2&#8243; _module_preset=\u00bbdefault\u00bb global_colors_info=\u00bb{}\u00bb][et_pb_text _builder_version=\u00bb4.27.2&#8243; _module_preset=\u00bbdefault\u00bb text_font=\u00bbPoppins|700|||||||\u00bb text_text_color=\u00bb#FFFFFF\u00bb text_font_size=\u00bb33px\u00bb text_text_shadow_style=\u00bbpreset1&#8243; global_colors_info=\u00bb{}\u00bb]<\/p>\n<p>MARTES<\/p>\n<p>[\/et_pb_text][et_pb_text _builder_version=\u00bb4.27.2&#8243; _module_preset=\u00bbdefault\u00bb text_font=\u00bbPoppins||||||||\u00bb text_text_color=\u00bb#FFFFFF\u00bb global_colors_info=\u00bb{}\u00bb]<\/p>\n<p>Sopa de semilla de mel\u00f3n<br \/>Barra de ensaladas<\/p>\n<p><strong>PLATO FUERTE<\/strong><\/p>\n<ul>\n<li>Salchichas asadas guisadas<\/li>\n<li>Ave rellena de verduras y queso<\/li>\n<li>Flautas de carnitas<strong><\/strong><\/li>\n<\/ul>\n<p><strong>GUARNICIONES <\/strong><\/p>\n<ul>\n<li>Arroz<\/li>\n<li>Fetuccini Alfredo<\/li>\n<li>Vegetales al horno<br \/><strong><\/strong><\/li>\n<\/ul>\n<p><strong>POSTRE\u00a0<\/strong><br \/>Arroz con leche, gelatinas.<\/p>\n<p>[\/et_pb_text][\/et_pb_column][et_pb_column type=\u00bb1_4&#8243; _builder_version=\u00bb4.27.2&#8243; _module_preset=\u00bbdefault\u00bb global_colors_info=\u00bb{}\u00bb][et_pb_text _builder_version=\u00bb4.27.2&#8243; _module_preset=\u00bbdefault\u00bb text_font=\u00bbPoppins|700|||||||\u00bb text_text_color=\u00bb#FFFFFF\u00bb text_font_size=\u00bb33px\u00bb text_font_size_tablet=\u00bb33px\u00bb text_font_size_phone=\u00bb26px\u00bb text_font_size_last_edited=\u00bbon|phone\u00bb text_text_shadow_style=\u00bbpreset1&#8243; global_colors_info=\u00bb{}\u00bb]<\/p>\n<p>MIERCOLES<\/p>\n<p>[\/et_pb_text][et_pb_text _builder_version=\u00bb4.27.2&#8243; _module_preset=\u00bbdefault\u00bb text_font=\u00bbPoppins||||||||\u00bb text_text_color=\u00bb#FFFFFF\u00bb global_colors_info=\u00bb{}\u00bb]<\/p>\n<p>Crema de br\u00f3coli<br \/>Barra de ensaladas<\/p>\n<p><strong>PLATO FUERTE<\/strong><\/p>\n<ul>\n<li>Fish and chips<\/li>\n<li>Cerdo en salsa poblana<\/li>\n<li>Pollo frito<\/li>\n<\/ul>\n<p><strong>GUARNICIONES <\/strong><\/p>\n<ul>\n<li>Papas fritas<\/li>\n<li>Coditos en salsa de queso<\/li>\n<li>Verduras al vapor<\/li>\n<\/ul>\n<p><strong>POSTRE\u00a0<\/strong><br \/>Flan, crepas.<\/p>\n<p>[\/et_pb_text][\/et_pb_column][et_pb_column type=\u00bb1_4&#8243; _builder_version=\u00bb4.27.2&#8243; _module_preset=\u00bbdefault\u00bb global_colors_info=\u00bb{}\u00bb][et_pb_text _builder_version=\u00bb4.27.2&#8243; _module_preset=\u00bbdefault\u00bb text_font=\u00bbPoppins|700|||||||\u00bb text_text_color=\u00bb#FFFFFF\u00bb text_font_size=\u00bb33px\u00bb text_text_shadow_style=\u00bbpreset1&#8243; global_colors_info=\u00bb{}\u00bb]<\/p>\n<p>JUEVES<\/p>\n<p>[\/et_pb_text][et_pb_text _builder_version=\u00bb4.27.2&#8243; _module_preset=\u00bbdefault\u00bb text_font=\u00bbPoppins||||||||\u00bb text_text_color=\u00bb#FFFFFF\u00bb global_colors_info=\u00bb{}\u00bb]<\/p>\n<p>Consom\u00e9 de pollo<br \/>Barra de ensaladas<\/p>\n<p><strong>PLATO FUERTE<\/strong><\/p>\n<ul>\n<li>Milanesa de pollo empanizada en<br \/>salsa de tomate<\/li>\n<li>Chuletas de cerdo en salsa verde<\/li>\n<li>Gorditas de guisos<\/li>\n<\/ul>\n<p><strong>GUARNICIONES <\/strong><\/p>\n<ul>\n<li>Frijoles refritos<\/li>\n<li>Vegetales mixtos<\/li>\n<li>Pur\u00e9 de papa<\/li>\n<\/ul>\n<p><strong>POSTRE\u00a0<\/strong><br \/>Gelatinas, pan cake de vainilla<\/p>\n<p>[\/et_pb_text][\/et_pb_column][\/et_pb_row][et_pb_row column_structure=\u00bb1_3,1_3,1_3&#8243; _builder_version=\u00bb4.27.2&#8243; _module_preset=\u00bbdefault\u00bb global_colors_info=\u00bb{}\u00bb][et_pb_column type=\u00bb1_3&#8243; _builder_version=\u00bb4.27.2&#8243; _module_preset=\u00bbdefault\u00bb global_colors_info=\u00bb{}\u00bb][et_pb_blurb title=\u00bbSERVICIO \u00bb image=\u00bbhttps:\/\/altacocinaempresarial.com\/wp-content\/uploads\/2024\/10\/cooking.png\u00bb image_icon_width=\u00bb48%\u00bb _builder_version=\u00bb4.27.2&#8243; _module_preset=\u00bbdefault\u00bb header_font=\u00bbPoppins|700|||||||\u00bb header_text_align=\u00bbcenter\u00bb header_font_size=\u00bb27px\u00bb child_filter_saturate=\u00bb0%\u00bb child_filter_brightness=\u00bb0%\u00bb child_filter_invert=\u00bb100%\u00bb child_filter_sepia=\u00bb100%\u00bb animation_style=\u00bbslide\u00bb animation_direction=\u00bbleft\u00bb global_colors_info=\u00bb{}\u00bb][\/et_pb_blurb][\/et_pb_column][et_pb_column type=\u00bb1_3&#8243; _builder_version=\u00bb4.27.2&#8243; _module_preset=\u00bbdefault\u00bb global_colors_info=\u00bb{}\u00bb][et_pb_blurb title=\u00bbSAZ\u00d3N \u00bb image=\u00bbhttps:\/\/altacocinaempresarial.com\/wp-content\/uploads\/2024\/10\/cooking-1.png\u00bb image_icon_width=\u00bb48%\u00bb _builder_version=\u00bb4.27.2&#8243; _module_preset=\u00bbdefault\u00bb header_font=\u00bbPoppins|700|||||||\u00bb header_text_align=\u00bbcenter\u00bb header_font_size=\u00bb27px\u00bb child_filter_hue_rotate=\u00bb359deg\u00bb child_filter_saturate=\u00bb200%\u00bb child_filter_brightness=\u00bb0%\u00bb child_filter_contrast=\u00bb200%\u00bb child_filter_invert=\u00bb100%\u00bb animation_style=\u00bbslide\u00bb animation_direction=\u00bbleft\u00bb global_colors_info=\u00bb{}\u00bb][\/et_pb_blurb][\/et_pb_column][et_pb_column type=\u00bb1_3&#8243; _builder_version=\u00bb4.27.2&#8243; _module_preset=\u00bbdefault\u00bb global_colors_info=\u00bb{}\u00bb][et_pb_blurb title=\u00bbINNOVACI\u00d3N\u00bb image=\u00bbhttps:\/\/altacocinaempresarial.com\/wp-content\/uploads\/2024\/10\/product-market-fit.png\u00bb image_icon_width=\u00bb48%\u00bb _builder_version=\u00bb4.27.2&#8243; _module_preset=\u00bbdefault\u00bb header_font=\u00bbPoppins|700|||||||\u00bb header_text_align=\u00bbcenter\u00bb header_font_size=\u00bb27px\u00bb child_filter_saturate=\u00bb0%\u00bb child_filter_brightness=\u00bb0%\u00bb child_filter_contrast=\u00bb200%\u00bb child_filter_invert=\u00bb100%\u00bb child_filter_sepia=\u00bb100%\u00bb animation_style=\u00bbslide\u00bb animation_direction=\u00bbleft\u00bb global_colors_info=\u00bb{}\u00bb][\/et_pb_blurb][\/et_pb_column][\/et_pb_row][\/et_pb_section][et_pb_section fb_built=\u00bb1&#8243; _builder_version=\u00bb4.27.2&#8243; _module_preset=\u00bbdefault\u00bb background_video_mp4=\u00bbhttps:\/\/altacocinaempresarial.com\/wp-content\/uploads\/2024\/10\/3195728-hd_1280_720_25fps.mp4&#8243; custom_padding=\u00bb115px||143px|||\u00bb global_colors_info=\u00bb{}\u00bb][et_pb_row _builder_version=\u00bb4.27.2&#8243; _module_preset=\u00bbdefault\u00bb custom_margin=\u00bb45px|auto|79px|auto||\u00bb global_colors_info=\u00bb{}\u00bb][et_pb_column type=\u00bb4_4&#8243; _builder_version=\u00bb4.27.2&#8243; _module_preset=\u00bbdefault\u00bb global_colors_info=\u00bb{}\u00bb][et_pb_text _builder_version=\u00bb4.27.2&#8243; _module_preset=\u00bbdefault\u00bb text_font=\u00bbPoppins|700|||||||\u00bb text_text_color=\u00bb#FFFFFF\u00bb text_font_size=\u00bb41px\u00bb text_orientation=\u00bbcenter\u00bb text_font_size_tablet=\u00bb41px\u00bb text_font_size_phone=\u00bb29px\u00bb text_font_size_last_edited=\u00bbon|phone\u00bb global_colors_info=\u00bb{}\u00bb]<\/p>\n<p>SOLICITA UNA COTIZACI\u00d3N<\/p>\n<p>[\/et_pb_text][et_pb_button button_text=\u00bbCONTACTANOS \u00bb button_alignment=\u00bbcenter\u00bb _builder_version=\u00bb4.27.2&#8243; _module_preset=\u00bbdefault\u00bb custom_button=\u00bbon\u00bb button_text_color=\u00bb#FFFFFF\u00bb button_bg_color=\u00bb#edb100&#8243; button_border_color=\u00bb#FFFFFF\u00bb button_border_radius=\u00bb21px\u00bb global_colors_info=\u00bb{}\u00bb][\/et_pb_button][\/et_pb_column][\/et_pb_row][\/et_pb_section]<\/p>\n","protected":false},"excerpt":{"rendered":"<p>NUESTRO MEN\u00da ROMPE ESTEREOTIPOS YA QUETENEMOS PLATILLOS DE ALTA COCINA YPLATILLOS CASEROS CON EXCELENTE SAZ\u00d3NSopa o crema del d\u00eda Crema parmetier (poro y papa) Crema de br\u00f3coli Crema de tomate rostizado y albahaca Sopa de fideo con frijol y queso fresco Caldo tlalpe\u00f1o Plato Fuerte Carnitas de cerdoadobadas Gorditas de guisos Pollo al horno Filete [&hellip;]<\/p>\n","protected":false},"author":1,"featured_media":0,"parent":0,"menu_order":0,"comment_status":"closed","ping_status":"closed","template":"","meta":{"_et_pb_use_builder":"on","_et_pb_old_content":"","_et_gb_content_width":"","footnotes":""},"class_list":["post-73","page","type-page","status-publish","hentry"],"_links":{"self":[{"href":"https:\/\/altacocinaempresarial.com\/index.php\/wp-json\/wp\/v2\/pages\/73","targetHints":{"allow":["GET"]}}],"collection":[{"href":"https:\/\/altacocinaempresarial.com\/index.php\/wp-json\/wp\/v2\/pages"}],"about":[{"href":"https:\/\/altacocinaempresarial.com\/index.php\/wp-json\/wp\/v2\/types\/page"}],"author":[{"embeddable":true,"href":"https:\/\/altacocinaempresarial.com\/index.php\/wp-json\/wp\/v2\/users\/1"}],"replies":[{"embeddable":true,"href":"https:\/\/altacocinaempresarial.com\/index.php\/wp-json\/wp\/v2\/comments?post=73"}],"version-history":[{"count":14,"href":"https:\/\/altacocinaempresarial.com\/index.php\/wp-json\/wp\/v2\/pages\/73\/revisions"}],"predecessor-version":[{"id":139,"href":"https:\/\/altacocinaempresarial.com\/index.php\/wp-json\/wp\/v2\/pages\/73\/revisions\/139"}],"wp:attachment":[{"href":"https:\/\/altacocinaempresarial.com\/index.php\/wp-json\/wp\/v2\/media?parent=73"}],"curies":[{"name":"wp","href":"https:\/\/api.w.org\/{rel}","templated":true}]}}